{"id":1943,"date":"2022-03-20T21:18:58","date_gmt":"2022-03-20T21:18:58","guid":{"rendered":"https:\/\/www.hotellitarjanne.fi\/?page_id=1943"},"modified":"2026-04-17T10:21:08","modified_gmt":"2026-04-17T10:21:08","slug":"tarjoukset","status":"publish","type":"page","link":"https:\/\/www.hotellitarjanne.fi\/index.php\/tarjoukset\/","title":{"rendered":"TARJOUKSET 2026 majoitus ja retket"},"content":{"rendered":"\t\t<div data-elementor-type=\"wp-page\" data-elementor-id=\"1943\" class=\"elementor elementor-1943\">\n\t\t\t\t\t\t<section class=\"elementor-section elementor-top-section elementor-element elementor-element-74450ce elementor-section-boxed elementor-section-height-default elementor-section-height-default\" data-id=\"74450ce\" data-element_type=\"section\" data-e-type=\"section\" data-settings=\"{&quot;background_background&quot;:&quot;classic&quot;,&quot;shape_divider_bottom&quot;:&quot;triangle&quot;,&quot;shape_divider_bottom_negative&quot;:&quot;yes&quot;}\">\n\t\t\t\t\t\t\t<div class=\"elementor-background-overlay\"><\/div>\n\t\t\t\t\t\t<div class=\"elementor-shape elementor-shape-bottom\" aria-hidden=\"true\" data-negative=\"true\">\n\t\t\t<svg xmlns=\"http:\/\/www.w3.org\/2000\/svg\" viewBox=\"0 0 1000 100\" preserveAspectRatio=\"none\">\n\t<path class=\"elementor-shape-fill\" d=\"M500.2,94.7L0,0v100h1000V0L500.2,94.7z\"\/>\n<\/svg>\t\t<\/div>\n\t\t\t\t\t<div class=\"elementor-container elementor-column-gap-default\">\n\t\t\t\t\t<div class=\"elementor-column elementor-col-100 elementor-top-column elementor-element elementor-element-f8411a3\" data-id=\"f8411a3\" data-element_type=\"column\" data-e-type=\"column\">\n\t\t\t<div class=\"elementor-widget-wrap elementor-element-populated\">\n\t\t\t\t\t\t<div class=\"elementor-element elementor-element-1272093 elementor-widget elementor-widget-heading\" data-id=\"1272093\" data-element_type=\"widget\" data-e-type=\"widget\" data-settings=\"{&quot;_animation&quot;:&quot;none&quot;}\" data-widget_type=\"heading.default\">\n\t\t\t\t<div class=\"elementor-widget-container\">\n\t\t\t\t\t<h2 class=\"elementor-heading-title elementor-size-default\">TARJANTEEN  Tarjous  2026<\/h2>\t\t\t\t<\/div>\n\t\t\t\t<\/div>\n\t\t\t\t\t<\/div>\n\t\t<\/div>\n\t\t\t\t\t<\/div>\n\t\t<\/section>\n\t\t\t\t<section class=\"elementor-section elementor-top-section elementor-element elementor-element-a048f48 elementor-section-boxed elementor-section-height-default elementor-section-height-default\" data-id=\"a048f48\" data-element_type=\"section\" data-e-type=\"section\">\n\t\t\t\t\t\t<div class=\"elementor-container elementor-column-gap-default\">\n\t\t\t\t\t<div class=\"elementor-column elementor-col-50 elementor-top-column elementor-element elementor-element-d47533d\" data-id=\"d47533d\" data-element_type=\"column\" data-e-type=\"column\">\n\t\t\t<div class=\"elementor-widget-wrap elementor-element-populated\">\n\t\t\t\t\t\t<div class=\"elementor-element elementor-element-57d51bf elementor-widget elementor-widget-image\" data-id=\"57d51bf\" data-element_type=\"widget\" data-e-type=\"widget\" data-widget_type=\"image.default\">\n\t\t\t\t<div class=\"elementor-widget-container\">\n\t\t\t\t\t\t\t\t\t\t\t\t\t\t\t<img fetchpriority=\"high\" decoding=\"async\" width=\"1536\" height=\"941\" src=\"https:\/\/www.hotellitarjanne.fi\/wp-content\/uploads\/2022\/04\/L54JiWzTVPWg_2880x1800_mtdhGWCw-1536x941.jpg\" class=\"attachment-1536x1536 size-1536x1536 wp-image-2052\" alt=\"\" srcset=\"https:\/\/www.hotellitarjanne.fi\/wp-content\/uploads\/2022\/04\/L54JiWzTVPWg_2880x1800_mtdhGWCw-1536x941.jpg 1536w, https:\/\/www.hotellitarjanne.fi\/wp-content\/uploads\/2022\/04\/L54JiWzTVPWg_2880x1800_mtdhGWCw-300x184.jpg 300w, https:\/\/www.hotellitarjanne.fi\/wp-content\/uploads\/2022\/04\/L54JiWzTVPWg_2880x1800_mtdhGWCw-1024x627.jpg 1024w, https:\/\/www.hotellitarjanne.fi\/wp-content\/uploads\/2022\/04\/L54JiWzTVPWg_2880x1800_mtdhGWCw-768x471.jpg 768w, https:\/\/www.hotellitarjanne.fi\/wp-content\/uploads\/2022\/04\/L54JiWzTVPWg_2880x1800_mtdhGWCw-2048x1255.jpg 2048w\" sizes=\"(max-width: 1536px) 100vw, 1536px\" \/>\t\t\t\t\t\t\t\t\t\t\t\t\t\t\t<\/div>\n\t\t\t\t<\/div>\n\t\t\t\t\t<\/div>\n\t\t<\/div>\n\t\t\t\t<div class=\"elementor-column elementor-col-50 elementor-top-column elementor-element elementor-element-9d0161d\" data-id=\"9d0161d\" data-element_type=\"column\" data-e-type=\"column\">\n\t\t\t<div class=\"elementor-widget-wrap elementor-element-populated\">\n\t\t\t\t\t\t<div class=\"elementor-element elementor-element-b0bfc75 elementor-widget elementor-widget-heading\" data-id=\"b0bfc75\" data-element_type=\"widget\" data-e-type=\"widget\" data-widget_type=\"heading.default\">\n\t\t\t\t<div class=\"elementor-widget-container\">\n\t\t\t\t\t<h2 class=\"elementor-heading-title elementor-size-default\">Ennakkovaraajan SUPER-HYPER -tarjous arkip\u00e4iville: ma 20.04. - to 28.05.2026.<\/h2>\t\t\t\t<\/div>\n\t\t\t\t<\/div>\n\t\t\t\t<div class=\"elementor-element elementor-element-fe3088a elementor-widget elementor-widget-text-editor\" data-id=\"fe3088a\" data-element_type=\"widget\" data-e-type=\"widget\" data-widget_type=\"text-editor.default\">\n\t\t\t\t<div class=\"elementor-widget-container\">\n\t\t\t\t\t\t\t\t\t<p><strong>2 per\u00e4kk\u00e4ist\u00e4 y\u00f6t\u00e4\u2026\u2026\u2026\u2026\u2026\u2026\u2026\u2026\u2026\u2026. &#8211; 10,0 %<\/strong><br \/><strong>3 per\u00e4kk\u00e4ist\u00e4 y\u00f6t\u00e4 (tai useampi)\u2026\u2026.. &#8211; 20,0 %<\/strong><\/p><p>Tarjoushuoneet ovat varattavissa vain ihan suoraan majoitusliikkeest\u00e4 eik\u00e4 niit\u00e4 voi yhdist\u00e4\u00e4 muihin alennuksiin tai muiden sivustojen kautta tehtyihin varauksiin tai muihin kampanjoihin.<\/p><p>Varatessa on aina mainittava <strong>&#8221;SUPERTARJOUS&#8221;<\/strong>.<\/p><p>Tarjoukseen liittyv\u00e4 majoitusaika on oltava <strong>arkip\u00e4ivisin ( ma &#8211; to ) aikav\u00e4lill\u00e4: ma 20.04. &#8211; to 28.05.2026.\u00a0<\/strong><\/p><p><strong>Tarjous ei siis ole voimassa viikonloppuisin tai pyh\u00e4p\u00e4ivin\u00e4.<br \/><\/strong><\/p><p>P\u00e4ivitetty 04.2026.<\/p>\t\t\t\t\t\t\t\t<\/div>\n\t\t\t\t<\/div>\n\t\t\t\t<div class=\"elementor-element elementor-element-30810cd elementor-widget elementor-widget-heading\" data-id=\"30810cd\" data-element_type=\"widget\" data-e-type=\"widget\" data-widget_type=\"heading.default\">\n\t\t\t\t<div class=\"elementor-widget-container\">\n\t\t\t\t\t<h6 class=\"elementor-heading-title elementor-size-medium\"><a href=\"https:\/\/www.hotellitarjanne.fi\/index.php\/varaus\/\"><u>Varaa<\/u> heti omasi T\u00c4ST\u00c4, sill\u00e4 tarjoushuoneita on hyvin rajoitettu m\u00e4\u00e4r\u00e4!<\/a><\/h6>\t\t\t\t<\/div>\n\t\t\t\t<\/div>\n\t\t\t\t\t<\/div>\n\t\t<\/div>\n\t\t\t\t\t<\/div>\n\t\t<\/section>\n\t\t\t\t<section class=\"elementor-section elementor-top-section elementor-element elementor-element-be14bcb elementor-section-boxed elementor-section-height-default elementor-section-height-default\" data-id=\"be14bcb\" data-element_type=\"section\" data-e-type=\"section\">\n\t\t\t\t\t\t<div class=\"elementor-container elementor-column-gap-default\">\n\t\t\t\t\t<div class=\"elementor-column elementor-col-50 elementor-top-column elementor-element elementor-element-6e8b575\" data-id=\"6e8b575\" data-element_type=\"column\" data-e-type=\"column\">\n\t\t\t<div class=\"elementor-widget-wrap elementor-element-populated\">\n\t\t\t\t\t\t<div class=\"elementor-element elementor-element-850f901 elementor-widget elementor-widget-heading\" data-id=\"850f901\" data-element_type=\"widget\" data-e-type=\"widget\" data-widget_type=\"heading.default\">\n\t\t\t\t<div class=\"elementor-widget-container\">\n\t\t\t\t\t<h2 class=\"elementor-heading-title elementor-size-default\">Patikointia Helvetinj\u00e4rvell\u00e4 ja lounas tulilla v. 2026!<\/h2>\t\t\t\t<\/div>\n\t\t\t\t<\/div>\n\t\t\t\t<div class=\"elementor-element elementor-element-4260d95 elementor-widget elementor-widget-text-editor\" data-id=\"4260d95\" data-element_type=\"widget\" data-e-type=\"widget\" data-widget_type=\"text-editor.default\">\n\t\t\t\t<div class=\"elementor-widget-container\">\n\t\t\t\t\t\t\t\t\t<h6>\u00a0<\/h6><h6><strong>Nyt on kuulkaas aika rentoutua ja ladata akkuja luonnon keskell\u00e4 vaikka ymp\u00e4ri vuoden!\u00a0<\/strong><\/h6><p>Er\u00e4opas johdattaa Teid\u00e4t l\u00e4pi Helvetinportin <span style=\"font-style: inherit; font-weight: inherit; color: var(--ast-global-color-3);\">sis\u00e4\u00e4n Helvetinj\u00e4rven kansallispuistoon, jossa patikoidaan oppaan ihmeellisten\u00a0<\/span><span style=\"font-style: inherit; font-weight: inherit; color: var(--ast-global-color-3);\">tarinoiden siivitt\u00e4min\u00e4, k\u00e4yd\u00e4\u00e4n Helvetinkolulla ja nautitaan lopuksi Noitakokin\u00a0<\/span><span style=\"font-style: inherit; font-weight: inherit; color: var(--ast-global-color-3);\">taikoma herkullinen 3 ruokalajin ateriakokonaisuus rauhaisalla mets\u00e4laavulla.<br \/><\/span><span style=\"color: var(--ast-global-color-3); font-style: inherit; font-weight: inherit;\"><br \/><\/span><\/p><p><span style=\"color: var(--ast-global-color-3); font-style: inherit; font-weight: inherit;\">Y\u00f6pyminen Hotelli Tarjanteen majoituksessa, <\/span><span style=\"color: var(--ast-global-color-3); font-style: inherit; font-weight: inherit;\">ennen tai j\u00e4lkeen Helvetin-retken, kruunaa irtiottonne arjesta!<\/span><\/p>\t\t\t\t\t\t\t\t<\/div>\n\t\t\t\t<\/div>\n\t\t\t\t<div class=\"elementor-element elementor-element-830dee8 elementor-align-right elementor-widget elementor-widget-button\" data-id=\"830dee8\" data-element_type=\"widget\" data-e-type=\"widget\" data-widget_type=\"button.default\">\n\t\t\t\t<div class=\"elementor-widget-container\">\n\t\t\t\t\t\t\t\t\t<div class=\"elementor-button-wrapper\">\n\t\t\t\t\t<a class=\"elementor-button elementor-button-link elementor-size-sm\" href=\"https:\/\/www.hotellitarjanne.fi\/wp-content\/uploads\/2022\/03\/Retki-Helvettiin-ja-majoitus-Tarjanteessa-2022.pdf\" target=\"_blank\">\n\t\t\t\t\t\t<span class=\"elementor-button-content-wrapper\">\n\t\t\t\t\t\t\t\t\t<span class=\"elementor-button-text\">Lue  lis\u00e4\u00e4<\/span>\n\t\t\t\t\t<\/span>\n\t\t\t\t\t<\/a>\n\t\t\t\t<\/div>\n\t\t\t\t\t\t\t\t<\/div>\n\t\t\t\t<\/div>\n\t\t\t\t\t<\/div>\n\t\t<\/div>\n\t\t\t\t<div class=\"elementor-column elementor-col-50 elementor-top-column elementor-element elementor-element-258284c\" data-id=\"258284c\" data-element_type=\"column\" data-e-type=\"column\">\n\t\t\t<div class=\"elementor-widget-wrap elementor-element-populated\">\n\t\t\t\t\t\t<div class=\"elementor-element elementor-element-e5d78c5 elementor-widget elementor-widget-image\" data-id=\"e5d78c5\" data-element_type=\"widget\" data-e-type=\"widget\" data-widget_type=\"image.default\">\n\t\t\t\t<div class=\"elementor-widget-container\">\n\t\t\t\t\t\t\t\t\t\t\t\t\t\t\t<img decoding=\"async\" width=\"1024\" height=\"683\" src=\"https:\/\/www.hotellitarjanne.fi\/wp-content\/uploads\/2022\/01\/VJ-Mea-Matero-1024x683.jpg\" class=\"attachment-large size-large wp-image-1781\" alt=\"\" srcset=\"https:\/\/www.hotellitarjanne.fi\/wp-content\/uploads\/2022\/01\/VJ-Mea-Matero-1024x683.jpg 1024w, https:\/\/www.hotellitarjanne.fi\/wp-content\/uploads\/2022\/01\/VJ-Mea-Matero-300x200.jpg 300w, https:\/\/www.hotellitarjanne.fi\/wp-content\/uploads\/2022\/01\/VJ-Mea-Matero-768x512.jpg 768w, https:\/\/www.hotellitarjanne.fi\/wp-content\/uploads\/2022\/01\/VJ-Mea-Matero-1536x1024.jpg 1536w, https:\/\/www.hotellitarjanne.fi\/wp-content\/uploads\/2022\/01\/VJ-Mea-Matero-2048x1365.jpg 2048w\" sizes=\"(max-width: 1024px) 100vw, 1024px\" \/>\t\t\t\t\t\t\t\t\t\t\t\t\t\t\t<\/div>\n\t\t\t\t<\/div>\n\t\t\t\t\t<\/div>\n\t\t<\/div>\n\t\t\t\t\t<\/div>\n\t\t<\/section>\n\t\t\t\t<\/div>\n\t\t","protected":false},"excerpt":{"rendered":"<p>TARJANTEEN Tarjous 2026 Ennakkovaraajan SUPER-HYPER -tarjous arkip\u00e4iville: ma 20.04. &#8211; to 28.05.2026. 2 per\u00e4kk\u00e4ist\u00e4 y\u00f6t\u00e4\u2026\u2026\u2026\u2026\u2026\u2026\u2026\u2026\u2026\u2026. &#8211; 10,0 %3 per\u00e4kk\u00e4ist\u00e4 y\u00f6t\u00e4 (tai useampi)\u2026\u2026.. &#8211; 20,0 % Tarjoushuoneet ovat varattavissa vain ihan suoraan majoitusliikkeest\u00e4 eik\u00e4 niit\u00e4 voi yhdist\u00e4\u00e4 muihin alennuksiin tai muiden sivustojen kautta tehtyihin varauksiin tai muihin kampanjoihin. Varatessa on aina mainittava &#8221;SUPERTARJOUS&#8221;. Tarjoukseen liittyv\u00e4 majoitusaika [&hellip;]<\/p>\n","protected":false},"author":1,"featured_media":0,"parent":0,"menu_order":0,"comment_status":"closed","ping_status":"closed","template":"","meta":{"_uag_custom_page_level_css":"","_monsterinsights_skip_tracking":false,"_monsterinsights_sitenote_active":false,"_monsterinsights_sitenote_note":"","_monsterinsights_sitenote_category":0,"site-sidebar-layout":"no-sidebar","site-content-layout":"page-builder","ast-site-content-layout":"full-width-container","site-content-style":"unboxed","site-sidebar-style":"unboxed","ast-global-header-display":"","ast-banner-title-visibility":"","ast-main-header-display":"","ast-hfb-above-header-display":"","ast-hfb-below-header-display":"","ast-hfb-mobile-header-display":"","site-post-title":"disabled","ast-breadcrumbs-content":"","ast-featured-img":"disabled","footer-sml-layout":"","ast-disable-related-posts":"","theme-transparent-header-meta":"default","adv-header-id-meta":"","stick-header-meta":"","header-above-stick-meta":"","header-main-stick-meta":"","header-below-stick-meta":"","astra-migrate-meta-layouts":"set","ast-page-background-enabled":"default","ast-page-background-meta":{"desktop":{"background-color":"","background-image":"","background-repeat":"repeat","background-position":"center center","background-size":"auto","background-attachment":"scroll","background-type":"","background-media":"","overlay-type":"","overlay-color":"","overlay-opacity":"","overlay-gradient":""},"tablet":{"background-color":"","background-image":"","background-repeat":"repeat","background-position":"center center","background-size":"auto","background-attachment":"scroll","background-type":"","background-media":"","overlay-type":"","overlay-color":"","overlay-opacity":"","overlay-gradient":""},"mobile":{"background-color":"","background-image":"","background-repeat":"repeat","background-position":"center center","background-size":"auto","background-attachment":"scroll","background-type":"","background-media":"","overlay-type":"","overlay-color":"","overlay-opacity":"","overlay-gradient":""}},"ast-content-background-meta":{"desktop":{"background-color":"var(--ast-global-color-5)","background-image":"","background-repeat":"repeat","background-position":"center center","background-size":"auto","background-attachment":"scroll","background-type":"","background-media":"","overlay-type":"","overlay-color":"","overlay-opacity":"","overlay-gradient":""},"tablet":{"background-color":"var(--ast-global-color-5)","background-image":"","background-repeat":"repeat","background-position":"center center","background-size":"auto","background-attachment":"scroll","background-type":"","background-media":"","overlay-type":"","overlay-color":"","overlay-opacity":"","overlay-gradient":""},"mobile":{"background-color":"var(--ast-global-color-5)","background-image":"","background-repeat":"repeat","background-position":"center center","background-size":"auto","background-attachment":"scroll","background-type":"","background-media":"","overlay-type":"","overlay-color":"","overlay-opacity":"","overlay-gradient":""}},"footnotes":""},"class_list":["post-1943","page","type-page","status-publish","hentry"],"yoast_head":"<!-- This site is optimized with the Yoast SEO plugin v27.4 - https:\/\/yoast.com\/product\/yoast-seo-wordpress\/ -->\n<title>TARJOUKSET 2026 majoitus ja retket - Hotelli Tarjanteen majoitus Virrat<\/title>\n<meta name=\"description\" content=\"Majoitus Virrat - kaupungin keskusta - hotelli - se kodikas paikka Virroilla ymp\u00e4ri vuoden. KYSY tarjous - ryhm\u00e4t tai yritykset: info@tarjanne.com\" \/>\n<meta name=\"robots\" content=\"index, follow, max-snippet:-1, max-image-preview:large, max-video-preview:-1\" \/>\n<link rel=\"canonical\" href=\"https:\/\/www.hotellitarjanne.fi\/index.php\/tarjoukset\/\" \/>\n<meta property=\"og:locale\" content=\"fi_FI\" \/>\n<meta property=\"og:type\" content=\"article\" \/>\n<meta property=\"og:title\" content=\"TARJOUKSET 2026 majoitus ja retket - Hotelli Tarjanteen majoitus Virrat\" \/>\n<meta property=\"og:description\" content=\"Majoitus Virrat - kaupungin keskusta - hotelli - se kodikas paikka Virroilla ymp\u00e4ri vuoden. KYSY tarjous - ryhm\u00e4t tai yritykset: info@tarjanne.com\" \/>\n<meta property=\"og:url\" content=\"https:\/\/www.hotellitarjanne.fi\/index.php\/tarjoukset\/\" \/>\n<meta property=\"og:site_name\" content=\"Hotelli Tarjanteen majoitus Virrat\" \/>\n<meta property=\"article:publisher\" content=\"https:\/\/www.facebook.com\/hotellitarjanteenmajoitus\/\" \/>\n<meta property=\"article:modified_time\" content=\"2026-04-17T10:21:08+00:00\" \/>\n<meta property=\"og:image\" content=\"https:\/\/www.hotellitarjanne.fi\/wp-content\/uploads\/2022\/04\/L54JiWzTVPWg_2880x1800_mtdhGWCw.jpg\" \/>\n\t<meta property=\"og:image:width\" content=\"2440\" \/>\n\t<meta property=\"og:image:height\" content=\"1495\" \/>\n\t<meta property=\"og:image:type\" content=\"image\/jpeg\" \/>\n<meta name=\"twitter:card\" content=\"summary_large_image\" \/>\n<meta name=\"twitter:label1\" content=\"Arvioitu lukuaika\" \/>\n\t<meta name=\"twitter:data1\" content=\"2 minuuttia\" \/>\n<script type=\"application\/ld+json\" class=\"yoast-schema-graph\">{\"@context\":\"https:\\\/\\\/schema.org\",\"@graph\":[{\"@type\":\"WebPage\",\"@id\":\"https:\\\/\\\/www.hotellitarjanne.fi\\\/index.php\\\/tarjoukset\\\/\",\"url\":\"https:\\\/\\\/www.hotellitarjanne.fi\\\/index.php\\\/tarjoukset\\\/\",\"name\":\"TARJOUKSET 2026 majoitus ja retket - Hotelli Tarjanteen majoitus Virrat\",\"isPartOf\":{\"@id\":\"https:\\\/\\\/www.hotellitarjanne.fi\\\/#website\"},\"primaryImageOfPage\":{\"@id\":\"https:\\\/\\\/www.hotellitarjanne.fi\\\/index.php\\\/tarjoukset\\\/#primaryimage\"},\"image\":{\"@id\":\"https:\\\/\\\/www.hotellitarjanne.fi\\\/index.php\\\/tarjoukset\\\/#primaryimage\"},\"thumbnailUrl\":\"https:\\\/\\\/www.hotellitarjanne.fi\\\/wp-content\\\/uploads\\\/2022\\\/04\\\/L54JiWzTVPWg_2880x1800_mtdhGWCw-1536x941.jpg\",\"datePublished\":\"2022-03-20T21:18:58+00:00\",\"dateModified\":\"2026-04-17T10:21:08+00:00\",\"description\":\"Majoitus Virrat - kaupungin keskusta - hotelli - se kodikas paikka Virroilla ymp\u00e4ri vuoden. KYSY tarjous - ryhm\u00e4t tai yritykset: info@tarjanne.com\",\"breadcrumb\":{\"@id\":\"https:\\\/\\\/www.hotellitarjanne.fi\\\/index.php\\\/tarjoukset\\\/#breadcrumb\"},\"inLanguage\":\"fi\",\"potentialAction\":[{\"@type\":\"ReadAction\",\"target\":[\"https:\\\/\\\/www.hotellitarjanne.fi\\\/index.php\\\/tarjoukset\\\/\"]}]},{\"@type\":\"ImageObject\",\"inLanguage\":\"fi\",\"@id\":\"https:\\\/\\\/www.hotellitarjanne.fi\\\/index.php\\\/tarjoukset\\\/#primaryimage\",\"url\":\"https:\\\/\\\/www.hotellitarjanne.fi\\\/wp-content\\\/uploads\\\/2022\\\/04\\\/L54JiWzTVPWg_2880x1800_mtdhGWCw.jpg\",\"contentUrl\":\"https:\\\/\\\/www.hotellitarjanne.fi\\\/wp-content\\\/uploads\\\/2022\\\/04\\\/L54JiWzTVPWg_2880x1800_mtdhGWCw.jpg\",\"width\":2440,\"height\":1495},{\"@type\":\"BreadcrumbList\",\"@id\":\"https:\\\/\\\/www.hotellitarjanne.fi\\\/index.php\\\/tarjoukset\\\/#breadcrumb\",\"itemListElement\":[{\"@type\":\"ListItem\",\"position\":1,\"name\":\"Etusivu\",\"item\":\"https:\\\/\\\/www.hotellitarjanne.fi\\\/\"},{\"@type\":\"ListItem\",\"position\":2,\"name\":\"TARJOUKSET 2026 majoitus ja retket\"}]},{\"@type\":\"WebSite\",\"@id\":\"https:\\\/\\\/www.hotellitarjanne.fi\\\/#website\",\"url\":\"https:\\\/\\\/www.hotellitarjanne.fi\\\/\",\"name\":\"Hotelli Tarjanteen majoitus Virrat\",\"description\":\"Hotelli Tarjanne Virrat - edullinen majoitus ymp&auml;ri vuoden!\",\"publisher\":{\"@id\":\"https:\\\/\\\/www.hotellitarjanne.fi\\\/#organization\"},\"potentialAction\":[{\"@type\":\"SearchAction\",\"target\":{\"@type\":\"EntryPoint\",\"urlTemplate\":\"https:\\\/\\\/www.hotellitarjanne.fi\\\/?s={search_term_string}\"},\"query-input\":{\"@type\":\"PropertyValueSpecification\",\"valueRequired\":true,\"valueName\":\"search_term_string\"}}],\"inLanguage\":\"fi\"},{\"@type\":\"Organization\",\"@id\":\"https:\\\/\\\/www.hotellitarjanne.fi\\\/#organization\",\"name\":\"Hotelli Tarjanteen majoitus Virrat\",\"url\":\"https:\\\/\\\/www.hotellitarjanne.fi\\\/\",\"logo\":{\"@type\":\"ImageObject\",\"inLanguage\":\"fi\",\"@id\":\"https:\\\/\\\/www.hotellitarjanne.fi\\\/#\\\/schema\\\/logo\\\/image\\\/\",\"url\":\"https:\\\/\\\/www.hotellitarjanne.fi\\\/wp-content\\\/uploads\\\/2022\\\/01\\\/LogoSin-scaled.png\",\"contentUrl\":\"https:\\\/\\\/www.hotellitarjanne.fi\\\/wp-content\\\/uploads\\\/2022\\\/01\\\/LogoSin-scaled.png\",\"width\":2560,\"height\":1088,\"caption\":\"Hotelli Tarjanteen majoitus Virrat\"},\"image\":{\"@id\":\"https:\\\/\\\/www.hotellitarjanne.fi\\\/#\\\/schema\\\/logo\\\/image\\\/\"},\"sameAs\":[\"https:\\\/\\\/www.facebook.com\\\/hotellitarjanteenmajoitus\\\/\"]}]}<\/script>\n<!-- \/ Yoast SEO plugin. -->","yoast_head_json":{"title":"TARJOUKSET 2026 majoitus ja retket - Hotelli Tarjanteen majoitus Virrat","description":"Majoitus Virrat - kaupungin keskusta - hotelli - se kodikas paikka Virroilla ymp\u00e4ri vuoden. KYSY tarjous - ryhm\u00e4t tai yritykset: info@tarjanne.com","robots":{"index":"index","follow":"follow","max-snippet":"max-snippet:-1","max-image-preview":"max-image-preview:large","max-video-preview":"max-video-preview:-1"},"canonical":"https:\/\/www.hotellitarjanne.fi\/index.php\/tarjoukset\/","og_locale":"fi_FI","og_type":"article","og_title":"TARJOUKSET 2026 majoitus ja retket - Hotelli Tarjanteen majoitus Virrat","og_description":"Majoitus Virrat - kaupungin keskusta - hotelli - se kodikas paikka Virroilla ymp\u00e4ri vuoden. KYSY tarjous - ryhm\u00e4t tai yritykset: info@tarjanne.com","og_url":"https:\/\/www.hotellitarjanne.fi\/index.php\/tarjoukset\/","og_site_name":"Hotelli Tarjanteen majoitus Virrat","article_publisher":"https:\/\/www.facebook.com\/hotellitarjanteenmajoitus\/","article_modified_time":"2026-04-17T10:21:08+00:00","og_image":[{"width":2440,"height":1495,"url":"https:\/\/www.hotellitarjanne.fi\/wp-content\/uploads\/2022\/04\/L54JiWzTVPWg_2880x1800_mtdhGWCw.jpg","type":"image\/jpeg"}],"twitter_card":"summary_large_image","twitter_misc":{"Arvioitu lukuaika":"2 minuuttia"},"schema":{"@context":"https:\/\/schema.org","@graph":[{"@type":"WebPage","@id":"https:\/\/www.hotellitarjanne.fi\/index.php\/tarjoukset\/","url":"https:\/\/www.hotellitarjanne.fi\/index.php\/tarjoukset\/","name":"TARJOUKSET 2026 majoitus ja retket - Hotelli Tarjanteen majoitus Virrat","isPartOf":{"@id":"https:\/\/www.hotellitarjanne.fi\/#website"},"primaryImageOfPage":{"@id":"https:\/\/www.hotellitarjanne.fi\/index.php\/tarjoukset\/#primaryimage"},"image":{"@id":"https:\/\/www.hotellitarjanne.fi\/index.php\/tarjoukset\/#primaryimage"},"thumbnailUrl":"https:\/\/www.hotellitarjanne.fi\/wp-content\/uploads\/2022\/04\/L54JiWzTVPWg_2880x1800_mtdhGWCw-1536x941.jpg","datePublished":"2022-03-20T21:18:58+00:00","dateModified":"2026-04-17T10:21:08+00:00","description":"Majoitus Virrat - kaupungin keskusta - hotelli - se kodikas paikka Virroilla ymp\u00e4ri vuoden. KYSY tarjous - ryhm\u00e4t tai yritykset: info@tarjanne.com","breadcrumb":{"@id":"https:\/\/www.hotellitarjanne.fi\/index.php\/tarjoukset\/#breadcrumb"},"inLanguage":"fi","potentialAction":[{"@type":"ReadAction","target":["https:\/\/www.hotellitarjanne.fi\/index.php\/tarjoukset\/"]}]},{"@type":"ImageObject","inLanguage":"fi","@id":"https:\/\/www.hotellitarjanne.fi\/index.php\/tarjoukset\/#primaryimage","url":"https:\/\/www.hotellitarjanne.fi\/wp-content\/uploads\/2022\/04\/L54JiWzTVPWg_2880x1800_mtdhGWCw.jpg","contentUrl":"https:\/\/www.hotellitarjanne.fi\/wp-content\/uploads\/2022\/04\/L54JiWzTVPWg_2880x1800_mtdhGWCw.jpg","width":2440,"height":1495},{"@type":"BreadcrumbList","@id":"https:\/\/www.hotellitarjanne.fi\/index.php\/tarjoukset\/#breadcrumb","itemListElement":[{"@type":"ListItem","position":1,"name":"Etusivu","item":"https:\/\/www.hotellitarjanne.fi\/"},{"@type":"ListItem","position":2,"name":"TARJOUKSET 2026 majoitus ja retket"}]},{"@type":"WebSite","@id":"https:\/\/www.hotellitarjanne.fi\/#website","url":"https:\/\/www.hotellitarjanne.fi\/","name":"Hotelli Tarjanteen majoitus Virrat","description":"Hotelli Tarjanne Virrat - edullinen majoitus ymp&auml;ri vuoden!","publisher":{"@id":"https:\/\/www.hotellitarjanne.fi\/#organization"},"potentialAction":[{"@type":"SearchAction","target":{"@type":"EntryPoint","urlTemplate":"https:\/\/www.hotellitarjanne.fi\/?s={search_term_string}"},"query-input":{"@type":"PropertyValueSpecification","valueRequired":true,"valueName":"search_term_string"}}],"inLanguage":"fi"},{"@type":"Organization","@id":"https:\/\/www.hotellitarjanne.fi\/#organization","name":"Hotelli Tarjanteen majoitus Virrat","url":"https:\/\/www.hotellitarjanne.fi\/","logo":{"@type":"ImageObject","inLanguage":"fi","@id":"https:\/\/www.hotellitarjanne.fi\/#\/schema\/logo\/image\/","url":"https:\/\/www.hotellitarjanne.fi\/wp-content\/uploads\/2022\/01\/LogoSin-scaled.png","contentUrl":"https:\/\/www.hotellitarjanne.fi\/wp-content\/uploads\/2022\/01\/LogoSin-scaled.png","width":2560,"height":1088,"caption":"Hotelli Tarjanteen majoitus Virrat"},"image":{"@id":"https:\/\/www.hotellitarjanne.fi\/#\/schema\/logo\/image\/"},"sameAs":["https:\/\/www.facebook.com\/hotellitarjanteenmajoitus\/"]}]}},"uagb_featured_image_src":{"full":false,"thumbnail":false,"medium":false,"medium_large":false,"large":false,"1536x1536":false,"2048x2048":false,"webia-cottages-gallery":false,"webia-cottages-gallery2x":false},"uagb_author_info":{"display_name":"admin","author_link":"https:\/\/www.hotellitarjanne.fi\/index.php\/author\/admin\/"},"uagb_comment_info":0,"uagb_excerpt":"TARJANTEEN Tarjous 2026 Ennakkovaraajan SUPER-HYPER -tarjous arkip\u00e4iville: ma 20.04. &#8211; to 28.05.2026. 2 per\u00e4kk\u00e4ist\u00e4 y\u00f6t\u00e4\u2026\u2026\u2026\u2026\u2026\u2026\u2026\u2026\u2026\u2026. &#8211; 10,0 %3 per\u00e4kk\u00e4ist\u00e4 y\u00f6t\u00e4 (tai useampi)\u2026\u2026.. &#8211; 20,0 % Tarjoushuoneet ovat varattavissa vain ihan suoraan majoitusliikkeest\u00e4 eik\u00e4 niit\u00e4 voi yhdist\u00e4\u00e4 muihin alennuksiin tai muiden sivustojen kautta tehtyihin varauksiin tai muihin kampanjoihin. Varatessa on aina mainittava &#8221;SUPERTARJOUS&#8221;. Tarjoukseen liittyv\u00e4 majoitusaika&hellip;","_links":{"self":[{"href":"https:\/\/www.hotellitarjanne.fi\/index.php\/wp-json\/wp\/v2\/pages\/1943","targetHints":{"allow":["GET"]}}],"collection":[{"href":"https:\/\/www.hotellitarjanne.fi\/index.php\/wp-json\/wp\/v2\/pages"}],"about":[{"href":"https:\/\/www.hotellitarjanne.fi\/index.php\/wp-json\/wp\/v2\/types\/page"}],"author":[{"embeddable":true,"href":"https:\/\/www.hotellitarjanne.fi\/index.php\/wp-json\/wp\/v2\/users\/1"}],"replies":[{"embeddable":true,"href":"https:\/\/www.hotellitarjanne.fi\/index.php\/wp-json\/wp\/v2\/comments?post=1943"}],"version-history":[{"count":37,"href":"https:\/\/www.hotellitarjanne.fi\/index.php\/wp-json\/wp\/v2\/pages\/1943\/revisions"}],"predecessor-version":[{"id":6144,"href":"https:\/\/www.hotellitarjanne.fi\/index.php\/wp-json\/wp\/v2\/pages\/1943\/revisions\/6144"}],"wp:attachment":[{"href":"https:\/\/www.hotellitarjanne.fi\/index.php\/wp-json\/wp\/v2\/media?parent=1943"}],"curies":[{"name":"wp","href":"https:\/\/api.w.org\/{rel}","templated":true}]}}